{"id":1062,"date":"2017-06-12T13:08:38","date_gmt":"2017-06-12T13:08:38","guid":{"rendered":"http:\/\/fort-instalaciones.com\/departament-enginyeria\/"},"modified":"2017-06-12T13:09:12","modified_gmt":"2017-06-12T13:09:12","slug":"departament-enginyeria","status":"publish","type":"page","link":"https:\/\/fort-instalaciones.com\/ca\/departament-enginyeria\/","title":{"rendered":"Departament Enginyeria"},"content":{"rendered":"<p>[et_pb_section bb_built=&#8221;1&#8243; admin_label=&#8221;section&#8221;][et_pb_row admin_label=&#8221;row&#8221; background_position=&#8221;top_left&#8221; background_repeat=&#8221;repeat&#8221; background_size=&#8221;initial&#8221;][et_pb_column type=&#8221;4_4&#8243;][et_pb_text admin_label=&#8221;Texto&#8221; background_layout=&#8221;light&#8221; text_orientation=&#8221;left&#8221; use_border_color=&#8221;off&#8221; border_color=&#8221;#ffffff&#8221; border_style=&#8221;solid&#8221; background_position=&#8221;top_left&#8221; background_repeat=&#8221;repeat&#8221; background_size=&#8221;initial&#8221;]<\/p>\n<h1>Departament Enginyeria<\/h1>\n<p>Els constants canvis de normatives en el nostre sector fan imprescindible un assessorament t\u00e8cnic per als nostres clients, entenent que la millor soluci\u00f3 \u00e9s comptar amb un departament d\u2019enginyeria propi a disposici\u00f3 de tots els nostres clients.<\/p>\n<p>Des de la realitzaci\u00f3 de projectes executius de les instal\u2022lacions fins les legalitzacions mediambientals, oferim un servei global al departament d\u2019enginyeria per lliurar-li la seva instal\u2022laci\u00f3 claus en m\u00e0.[\/et_pb_text][et_pb_gallery admin_label=&#8221;Galer\u00eda&#8221; _builder_version=&#8221;3.0.51&#8243; posts_number=&#8221;8&#8243; show_title_and_caption=&#8221;off&#8221; show_pagination=&#8221;off&#8221; gallery_ids=&#8221;1021,1014,1016,1017,1018,1019,1020,1052&#8243; fullwidth=&#8221;off&#8221; orientation=&#8221;landscape&#8221; zoom_icon_color=&#8221;#2ea3f2&#8243; hover_overlay_color=&#8221;rgba(255,255,255,0.9)&#8221; background_layout=&#8221;light&#8221; border_style=&#8221;solid&#8221; auto=&#8221;off&#8221; \/][\/et_pb_column][\/et_pb_row][\/et_pb_section]<\/p>\n","protected":false},"excerpt":{"rendered":"<p>[et_pb_section bb_built=&#8221;1&#8243; admin_label=&#8221;section&#8221;][et_pb_row admin_label=&#8221;row&#8221; background_position=&#8221;top_left&#8221; background_repeat=&#8221;repeat&#8221; background_size=&#8221;initial&#8221;][et_pb_column type=&#8221;4_4&#8243;][et_pb_text admin_label=&#8221;Texto&#8221; background_layout=&#8221;light&#8221; text_orientation=&#8221;left&#8221; use_border_color=&#8221;off&#8221; border_color=&#8221;#ffffff&#8221; border_style=&#8221;solid&#8221; background_position=&#8221;top_left&#8221; background_repeat=&#8221;repeat&#8221; background_size=&#8221;initial&#8221;] Departament Enginyeria Els &#8230; <\/p>\n<p class=\"read-more-container\"><a title=\"Departament Enginyeria\" class=\"read-more button\" href=\"https:\/\/fort-instalaciones.com\/ca\/departament-enginyeria\/#more-1062\">Leer m\u00e1s<span class=\"screen-reader-text\">Departament Enginyeria<\/span><\/a><\/p>\n","protected":false},"author":7,"featured_media":0,"parent":0,"menu_order":0,"comment_status":"closed","ping_status":"closed","template":"","meta":[],"_links":{"self":[{"href":"https:\/\/fort-instalaciones.com\/ca\/wp-json\/wp\/v2\/pages\/1062\/"}],"collection":[{"href":"https:\/\/fort-instalaciones.com\/ca\/wp-json\/wp\/v2\/pages\/"}],"about":[{"href":"https:\/\/fort-instalaciones.com\/ca\/wp-json\/wp\/v2\/types\/page\/"}],"author":[{"embeddable":true,"href":"https:\/\/fort-instalaciones.com\/ca\/wp-json\/wp\/v2\/users\/7\/"}],"replies":[{"embeddable":true,"href":"https:\/\/fort-instalaciones.com\/ca\/wp-json\/wp\/v2\/comments\/?post=1062"}],"version-history":[{"count":3,"href":"https:\/\/fort-instalaciones.com\/ca\/wp-json\/wp\/v2\/pages\/1062\/revisions\/"}],"predecessor-version":[{"id":1065,"href":"https:\/\/fort-instalaciones.com\/ca\/wp-json\/wp\/v2\/pages\/1062\/revisions\/1065\/"}],"wp:attachment":[{"href":"https:\/\/fort-instalaciones.com\/ca\/wp-json\/wp\/v2\/media\/?parent=1062"}],"curies":[{"name":"wp","href":"https:\/\/api.w.org\/{rel}","templated":true}]}}