{"id":1071,"date":"2017-06-12T13:14:34","date_gmt":"2017-06-12T13:14:34","guid":{"rendered":"http:\/\/fort-instalaciones.com\/distribuidors-wayne\/"},"modified":"2017-06-12T13:14:34","modified_gmt":"2017-06-12T13:14:34","slug":"distribuidors-wayne","status":"publish","type":"page","link":"https:\/\/fort-instalaciones.com\/ca\/distribuidors-wayne\/","title":{"rendered":"Distribuidors Wayne"},"content":{"rendered":"<p>[et_pb_section bb_built=&#8221;1&#8243; admin_label=&#8221;section&#8221;][et_pb_row admin_label=&#8221;row&#8221; background_position=&#8221;top_left&#8221; background_repeat=&#8221;repeat&#8221; background_size=&#8221;initial&#8221;][et_pb_column type=&#8221;1_3&#8243;][et_pb_image admin_label=&#8221;Imagen&#8221; src=&#8221;http:\/\/fort-instalaciones.com\/wp-content\/uploads\/2017\/04\/Wayne_Logo_Blue_600px-.png&#8221; show_in_lightbox=&#8221;off&#8221; url_new_window=&#8221;on&#8221; use_overlay=&#8221;off&#8221; sticky=&#8221;off&#8221; align=&#8221;left&#8221; force_fullwidth=&#8221;off&#8221; always_center_on_mobile=&#8221;on&#8221; border_style=&#8221;solid&#8221; _builder_version=&#8221;3.0.50&#8243; url=&#8221;https:\/\/wayne.com\/&#8221; \/][\/et_pb_column][et_pb_column type=&#8221;2_3&#8243;][et_pb_text admin_label=&#8221;Texto&#8221; background_layout=&#8221;light&#8221; text_orientation=&#8221;left&#8221; use_border_color=&#8221;off&#8221; border_color=&#8221;#ffffff&#8221; border_style=&#8221;solid&#8221; background_position=&#8221;top_left&#8221; background_repeat=&#8221;repeat&#8221; background_size=&#8221;initial&#8221;]<\/p>\n<h1>DISTRIBUIDORS OFICIALS DE WAYNE<\/h1>\n<p>&nbsp;<\/p>\n<p>Des de fa 15 anys som distribu\u00efdors i Servei t\u00e8cnic oficials de la marca d&#8217;aparells sortidors Wayne.<\/p>\n<p>Wayne \u00e9s una marca que es mant\u00e9 actualitzada buscant una funcionalitat en els seus productes aix\u00ed com un disseny atractiu sense perdre de vista el seu principal objectiu, millorar els seus productes innovant amb les noves tecnologies.[\/et_pb_text][\/et_pb_column][\/et_pb_row][et_pb_row admin_label=&#8221;Fila&#8221; background_position=&#8221;top_left&#8221; background_repeat=&#8221;repeat&#8221; background_size=&#8221;initial&#8221;][et_pb_column type=&#8221;1_2&#8243;][et_pb_image admin_label=&#8221;Imagen&#8221; src=&#8221;http:\/\/fort-instalaciones.com\/wp-content\/uploads\/2017\/04\/WAYNE-placa-.jpg&#8221; show_in_lightbox=&#8221;off&#8221; url_new_window=&#8221;off&#8221; use_overlay=&#8221;off&#8221; animation=&#8221;bottom&#8221; sticky=&#8221;off&#8221; align=&#8221;left&#8221; force_fullwidth=&#8221;off&#8221; always_center_on_mobile=&#8221;on&#8221; use_border_color=&#8221;off&#8221; border_color=&#8221;#ffffff&#8221; border_style=&#8221;solid&#8221; \/][\/et_pb_column][et_pb_column type=&#8221;1_2&#8243;][et_pb_image admin_label=&#8221;Imagen&#8221; src=&#8221;http:\/\/fort-instalaciones.com\/wp-content\/uploads\/2017\/04\/wayne_surtidor.jpg&#8221; show_in_lightbox=&#8221;off&#8221; url_new_window=&#8221;off&#8221; use_overlay=&#8221;off&#8221; animation=&#8221;bottom&#8221; sticky=&#8221;off&#8221; align=&#8221;left&#8221; force_fullwidth=&#8221;off&#8221; always_center_on_mobile=&#8221;on&#8221; use_border_color=&#8221;off&#8221; border_color=&#8221;#ffffff&#8221; border_style=&#8221;solid&#8221; \/][\/et_pb_column][\/et_pb_row][\/et_pb_section]<\/p>\n","protected":false},"excerpt":{"rendered":"<p>[et_pb_section bb_built=&#8221;1&#8243; admin_label=&#8221;section&#8221;][et_pb_row admin_label=&#8221;row&#8221; background_position=&#8221;top_left&#8221; background_repeat=&#8221;repeat&#8221; background_size=&#8221;initial&#8221;][et_pb_column type=&#8221;1_3&#8243;][et_pb_image admin_label=&#8221;Imagen&#8221; src=&#8221;http:\/\/fort-instalaciones.com\/wp-content\/uploads\/2017\/04\/Wayne_Logo_Blue_600px-.png&#8221; show_in_lightbox=&#8221;off&#8221; url_new_window=&#8221;on&#8221; use_overlay=&#8221;off&#8221; sticky=&#8221;off&#8221; align=&#8221;left&#8221; force_fullwidth=&#8221;off&#8221; always_center_on_mobile=&#8221;on&#8221; border_style=&#8221;solid&#8221; _builder_version=&#8221;3.0.50&#8243; url=&#8221;https:\/\/wayne.com\/&#8221; &#8230; <\/p>\n<p class=\"read-more-container\"><a title=\"Distribuidors Wayne\" class=\"read-more button\" href=\"https:\/\/fort-instalaciones.com\/ca\/distribuidors-wayne\/#more-1071\">Leer m\u00e1s<span class=\"screen-reader-text\">Distribuidors Wayne<\/span><\/a><\/p>\n","protected":false},"author":7,"featured_media":0,"parent":0,"menu_order":0,"comment_status":"closed","ping_status":"closed","template":"","meta":[],"_links":{"self":[{"href":"https:\/\/fort-instalaciones.com\/ca\/wp-json\/wp\/v2\/pages\/1071\/"}],"collection":[{"href":"https:\/\/fort-instalaciones.com\/ca\/wp-json\/wp\/v2\/pages\/"}],"about":[{"href":"https:\/\/fort-instalaciones.com\/ca\/wp-json\/wp\/v2\/types\/page\/"}],"author":[{"embeddable":true,"href":"https:\/\/fort-instalaciones.com\/ca\/wp-json\/wp\/v2\/users\/7\/"}],"replies":[{"embeddable":true,"href":"https:\/\/fort-instalaciones.com\/ca\/wp-json\/wp\/v2\/comments\/?post=1071"}],"version-history":[{"count":2,"href":"https:\/\/fort-instalaciones.com\/ca\/wp-json\/wp\/v2\/pages\/1071\/revisions\/"}],"predecessor-version":[{"id":1073,"href":"https:\/\/fort-instalaciones.com\/ca\/wp-json\/wp\/v2\/pages\/1071\/revisions\/1073\/"}],"wp:attachment":[{"href":"https:\/\/fort-instalaciones.com\/ca\/wp-json\/wp\/v2\/media\/?parent=1071"}],"curies":[{"name":"wp","href":"https:\/\/api.w.org\/{rel}","templated":true}]}}