{"id":1074,"date":"2017-06-12T13:21:33","date_gmt":"2017-06-12T13:21:33","guid":{"rendered":"http:\/\/fort-instalaciones.com\/on-ens-trobem\/"},"modified":"2017-06-29T16:28:49","modified_gmt":"2017-06-29T16:28:49","slug":"on-ens-trobem","status":"publish","type":"page","link":"https:\/\/fort-instalaciones.com\/ca\/on-ens-trobem\/","title":{"rendered":"On ens trobem"},"content":{"rendered":"<p>[et_pb_section bb_built=&#8221;1&#8243; admin_label=&#8221;section&#8221;][et_pb_row background_position=&#8221;top_left&#8221; background_repeat=&#8221;repeat&#8221; background_size=&#8221;initial&#8221;][et_pb_column type=&#8221;2_3&#8243;][et_pb_text background_layout=&#8221;light&#8221; text_orientation=&#8221;left&#8221; border_style=&#8221;solid&#8221; background_position=&#8221;top_left&#8221; background_repeat=&#8221;repeat&#8221; background_size=&#8221;initial&#8221; _builder_version=&#8221;3.0.53&#8243;]<\/p>\n<h1>\u00c0rea de Actuaci\u00f3<\/h1>\n<p>Fort Instalaciones Petroleras desenvolupa la seva activitat en tota Espanya, l&#8217;empresa t\u00e9 delegacions pr\u00f2pies en les seg\u00fcents localitzacions, tenint la seu central a Barcelona (Parets del Vall\u00e8s).<\/p>\n<ul>\n<li style=\"list-style-type: none;\">\n<ul>\n<li><strong>CENTRAL-PARETS DEL VALL\u00c8S (BARCELONA)<br \/>\n<\/strong>Carrer Log\u00edstica n\u00ba 14, Pol. Ind. Sector Z, 08150, Parets del Vall\u00e8s<\/li>\n<li><strong><strong>VALENCIA<br \/>\n<\/strong><\/strong>Carrer Bras de l\u2019Alter n\u00ba 52 nave n\u00ba 6, 46469 Beniparell, Valencia<\/li>\n<li><strong>ANDORRA<br \/>\n<\/strong>Carretera Coll d\u2019Ordino, Edifici Prat Gran, 2n, 1\u00aa, AD300 Ordino, Andorra<\/li>\n<li><strong><strong>TOLEDO <\/strong><\/strong><br \/>\nCalle Dinamarca, 4, Planta 4\u00aa, 45005, Toledo<\/li>\n<li><strong>VITORIA<br \/>\n<\/strong>Calle\u00a0Zurrupietieta n\u00ba 26,P.I. Jundiz, 01015, Vitoria<strong>\u00a0<\/strong><\/li>\n<\/ul>\n<\/li>\n<\/ul>\n<p>[\/et_pb_text][\/et_pb_column][et_pb_column type=&#8221;1_3&#8243;][et_pb_divider color=&#8221;#ffffff&#8221; show_divider=&#8221;off&#8221; height=&#8221;40&#8243; divider_style=&#8221;solid&#8221; divider_position=&#8221;top&#8221; hide_on_mobile=&#8221;on&#8221; \/][et_pb_image src=&#8221;http:\/\/fort-instalaciones.com\/wp-content\/uploads\/2017\/04\/DELEGACION-PARETS-CENTRAL.jpg&#8221; show_in_lightbox=&#8221;off&#8221; url_new_window=&#8221;off&#8221; use_overlay=&#8221;off&#8221; animation=&#8221;off&#8221; sticky=&#8221;off&#8221; align=&#8221;left&#8221; force_fullwidth=&#8221;off&#8221; always_center_on_mobile=&#8221;on&#8221; border_style=&#8221;solid&#8221; _builder_version=&#8221;3.0.50&#8243; \/][\/et_pb_column][\/et_pb_row][et_pb_row admin_label=&#8221;row&#8221; background_position=&#8221;top_left&#8221; background_repeat=&#8221;repeat&#8221; background_size=&#8221;initial&#8221;][et_pb_column type=&#8221;4_4&#8243;][et_pb_map mouse_wheel=&#8221;on&#8221; mobile_dragging=&#8221;on&#8221; use_grayscale_filter=&#8221;off&#8221; grayscale_filter_amount=&#8221;0&#8243; address=&#8221;Espa\u00f1a&#8221; zoom_level=&#8221;5&#8243; address_lat=&#8221;38.51047126560148&#8243; address_lng=&#8221;-3.3757304413032907&#8243; _builder_version=&#8221;3.0.53&#8243;] [et_pb_map_pin title=&#8221;CENTRAL-PARETS DEL VALL\u00c8S&#8221; pin_address=&#8221;Carrer Log\u00edstica, 20, 08150 Parets del Vall\u00e8s, Barcelona, Espa\u00f1a&#8221; pin_address_lat=&#8221;41.56460486169566&#8243; pin_address_lng=&#8221;2.2381761912628235&#8243;] Carrer Logistica n\u00ba 14, Pol. Ind. Sector Z<br \/>\n08150 Parets del Vall\u00e8s<br \/>\nBarcelona [\/et_pb_map_pin][et_pb_map_pin title=&#8221;VALENCIA &#8221; pin_address=&#8221;Carrer Bra\u00e7 de l&#8217;Alter, 53, 46469 Beniparrell, Valencia, Espa\u00f1a&#8221; pin_address_lat=&#8221;39.378361722575306&#8243; pin_address_lng=&#8221;-0.4039095140167319&#8243;] Carrer Bras de l\u2019Alter n\u00ba 52 nave n\u00ba 6<br \/>\n46469 Beniparell<br \/>\nValencia [\/et_pb_map_pin][et_pb_map_pin title=&#8221;ANDORRA&#8221; pin_address=&#8221;Ctra. Coll d\u00d2rdino. Edifici Prat Gran, AD300 Ordino, Andorra&#8221; pin_address_lat=&#8221;42.5541773&#8243; pin_address_lng=&#8221;1.5335353000000396&#8243;] Carretera Coll d\u2019Ordino, Edifici Prat Gran, 2n, 1\u00aa,<br \/>\nAD300 Ordino<br \/>\nAndorra [\/et_pb_map_pin][et_pb_map_pin title=&#8221;TOLEDO&#8221; pin_address=&#8221;Calle de Dinamarca, 4, 45005 Toledo, Espa\u00f1a&#8221; pin_address_lat=&#8221;39.8791198&#8243; pin_address_lng=&#8221;-4.028770000000009&#8243;] Dinamarca 4, Planta 4\u00aa<br \/>\n45005 Toledo [\/et_pb_map_pin][et_pb_map_pin title=&#8221;VITORIA&#8221; pin_address=&#8221;Pabell\u00f3n 35-A, Zurrupitieta Kalea, 26, 01015 Vitoria-Gasteiz, Araba, Espa\u00f1a&#8221; pin_address_lat=&#8221;42.842182&#8243; pin_address_lng=&#8221;-2.740970999999945&#8243;] Zurrupietieta n\u00ba 26,P.I. Jundiz<br \/>\n01015 Vitoria<br \/>\n\u00c1lava<\/p>\n<p>&nbsp;<\/p>\n<p>[\/et_pb_map_pin] [\/et_pb_map][\/et_pb_column][\/et_pb_row][et_pb_row background_position=&#8221;top_left&#8221; background_repeat=&#8221;repeat&#8221; background_size=&#8221;initial&#8221;][et_pb_column type=&#8221;1_2&#8243;][et_pb_image _builder_version=&#8221;3.0.53&#8243; src=&#8221;http:\/\/fort-instalaciones.com\/wp-content\/uploads\/2017\/04\/fort-fachada1.jpg&#8221; show_in_lightbox=&#8221;off&#8221; url_new_window=&#8221;off&#8221; use_overlay=&#8221;off&#8221; sticky=&#8221;off&#8221; align=&#8221;left&#8221; always_center_on_mobile=&#8221;on&#8221; border_style=&#8221;solid&#8221; force_fullwidth=&#8221;off&#8221; \/][\/et_pb_column][et_pb_column type=&#8221;1_2&#8243;][et_pb_image src=&#8221;http:\/\/fort-instalaciones.com\/wp-content\/uploads\/2017\/04\/DELEGACI\u00d3N-TOLEDO-Copiar.jpg&#8221; alt=&#8221;DELEGACI\u00d3- TOLEDO&#8221; title_text=&#8221;DELEGACI\u00d3- TOLEDO&#8221; show_in_lightbox=&#8221;off&#8221; url_new_window=&#8221;off&#8221; use_overlay=&#8221;off&#8221; animation=&#8221;left&#8221; sticky=&#8221;off&#8221; align=&#8221;left&#8221; force_fullwidth=&#8221;off&#8221; always_center_on_mobile=&#8221;on&#8221; use_border_color=&#8221;off&#8221; border_color=&#8221;#ffffff&#8221; border_style=&#8221;solid&#8221; \/][\/et_pb_column][\/et_pb_row][et_pb_row background_position=&#8221;top_left&#8221; background_repeat=&#8221;repeat&#8221; background_size=&#8221;initial&#8221;][et_pb_column type=&#8221;4_4&#8243;][et_pb_image _builder_version=&#8221;3.0.50&#8243; src=&#8221;http:\/\/fort-instalaciones.com\/wp-content\/uploads\/2014\/09\/fachada-fort-instalaciones.jpg&#8221; show_in_lightbox=&#8221;off&#8221; url_new_window=&#8221;off&#8221; use_overlay=&#8221;off&#8221; sticky=&#8221;off&#8221; align=&#8221;left&#8221; always_center_on_mobile=&#8221;on&#8221; border_style=&#8221;solid&#8221; force_fullwidth=&#8221;off&#8221; animation=&#8221;bottom&#8221; \/][\/et_pb_column][\/et_pb_row][\/et_pb_section]<\/p>\n","protected":false},"excerpt":{"rendered":"<p>[et_pb_section bb_built=&#8221;1&#8243; admin_label=&#8221;section&#8221;][et_pb_row background_position=&#8221;top_left&#8221; background_repeat=&#8221;repeat&#8221; background_size=&#8221;initial&#8221;][et_pb_column type=&#8221;2_3&#8243;][et_pb_text background_layout=&#8221;light&#8221; text_orientation=&#8221;left&#8221; border_style=&#8221;solid&#8221; background_position=&#8221;top_left&#8221; background_repeat=&#8221;repeat&#8221; background_size=&#8221;initial&#8221; _builder_version=&#8221;3.0.53&#8243;] \u00c0rea de Actuaci\u00f3 Fort Instalaciones Petroleras &#8230; <\/p>\n<p class=\"read-more-container\"><a title=\"On ens trobem\" class=\"read-more button\" href=\"https:\/\/fort-instalaciones.com\/ca\/on-ens-trobem\/#more-1074\">Leer m\u00e1s<span class=\"screen-reader-text\">On ens trobem<\/span><\/a><\/p>\n","protected":false},"author":7,"featured_media":0,"parent":0,"menu_order":0,"comment_status":"closed","ping_status":"closed","template":"","meta":[],"_links":{"self":[{"href":"https:\/\/fort-instalaciones.com\/ca\/wp-json\/wp\/v2\/pages\/1074\/"}],"collection":[{"href":"https:\/\/fort-instalaciones.com\/ca\/wp-json\/wp\/v2\/pages\/"}],"about":[{"href":"https:\/\/fort-instalaciones.com\/ca\/wp-json\/wp\/v2\/types\/page\/"}],"author":[{"embeddable":true,"href":"https:\/\/fort-instalaciones.com\/ca\/wp-json\/wp\/v2\/users\/7\/"}],"replies":[{"embeddable":true,"href":"https:\/\/fort-instalaciones.com\/ca\/wp-json\/wp\/v2\/comments\/?post=1074"}],"version-history":[{"count":21,"href":"https:\/\/fort-instalaciones.com\/ca\/wp-json\/wp\/v2\/pages\/1074\/revisions\/"}],"predecessor-version":[{"id":1165,"href":"https:\/\/fort-instalaciones.com\/ca\/wp-json\/wp\/v2\/pages\/1074\/revisions\/1165\/"}],"wp:attachment":[{"href":"https:\/\/fort-instalaciones.com\/ca\/wp-json\/wp\/v2\/media\/?parent=1074"}],"curies":[{"name":"wp","href":"https:\/\/api.w.org\/{rel}","templated":true}]}}