{"id":1086,"date":"2017-06-12T13:37:03","date_gmt":"2017-06-12T13:37:03","guid":{"rendered":"http:\/\/fort-instalaciones.com\/instal%c2%b7lacions\/"},"modified":"2017-06-12T13:37:03","modified_gmt":"2017-06-12T13:37:03","slug":"instal%c2%b7lacions","status":"publish","type":"page","link":"https:\/\/fort-instalaciones.com\/ca\/instal%c2%b7lacions\/","title":{"rendered":"Instal\u00b7lacions"},"content":{"rendered":"<p>[et_pb_section bb_built=&#8221;1&#8243; admin_label=&#8221;section&#8221;][et_pb_row admin_label=&#8221;row&#8221; background_position=&#8221;top_left&#8221; background_repeat=&#8221;repeat&#8221; background_size=&#8221;initial&#8221;][et_pb_column type=&#8221;4_4&#8243;][et_pb_text admin_label=&#8221;Texto&#8221; background_layout=&#8221;light&#8221; text_orientation=&#8221;left&#8221; use_border_color=&#8221;off&#8221; border_color=&#8221;#ffffff&#8221; border_style=&#8221;solid&#8221; background_position=&#8221;top_left&#8221; background_repeat=&#8221;repeat&#8221; background_size=&#8221;initial&#8221;]<\/p>\n<h1>Instal\u00b7lacions petroliferes<\/h1>\n<p>&nbsp;[\/et_pb_text][et_pb_text admin_label=&#8221;Texto&#8221; background_layout=&#8221;light&#8221; text_orientation=&#8221;left&#8221; use_border_color=&#8221;off&#8221; border_color=&#8221;#ffffff&#8221; border_style=&#8221;solid&#8221; background_position=&#8221;top_left&#8221; background_repeat=&#8221;repeat&#8221; background_size=&#8221;initial&#8221;]La cont\u00ednua formaci\u00f3 del nostre personal especialitzat del departament t\u00e8cnic, el prestigi de l\u2019experi\u00e8ncia de 30 anys i m\u00e9s de 1.000 instal\u2022lacions executades, i l\u2019aplicaci\u00f3 de noves tecnologies i materials, s\u00f3n garantia de l\u2019alta qualitat de totes les nostres instal\u2022lacions mec\u00e0niques.<\/p>\n<ul>\n<li>E.E.S.S. Estacions de Servei.<\/li>\n<li>Parcs d\u2019emmagatzematge.<\/li>\n<li>Ports n\u00e0utics esportius.<\/li>\n<li>Consums propis.<\/li>\n<\/ul>\n<p>[\/et_pb_text][et_pb_video admin_label=&#8221;V\u00eddeo&#8221; src=&#8221;https:\/\/youtu.be\/0WcnvX6uct4&#8243; _builder_version=&#8221;3.0.50&#8243; \/][et_pb_gallery admin_label=&#8221;Galer\u00eda&#8221; gallery_ids=&#8221;985,986,987,988,989,990,991,992,974,975,976,977,978,979,980,981,982,983,984&#8243; fullwidth=&#8221;off&#8221; posts_number=&#8221;20&#8243; orientation=&#8221;landscape&#8221; show_title_and_caption=&#8221;off&#8221; show_pagination=&#8221;off&#8221; background_layout=&#8221;light&#8221; auto=&#8221;off&#8221; hover_overlay_color=&#8221;rgba(255,255,255,0.9)&#8221; border_style=&#8221;solid&#8221; _builder_version=&#8221;3.0.51&#8243; zoom_icon_color=&#8221;#2ea3f2&#8243; \/][\/et_pb_column][\/et_pb_row][\/et_pb_section]<\/p>\n","protected":false},"excerpt":{"rendered":"<p>[et_pb_section bb_built=&#8221;1&#8243; admin_label=&#8221;section&#8221;][et_pb_row admin_label=&#8221;row&#8221; background_position=&#8221;top_left&#8221; background_repeat=&#8221;repeat&#8221; background_size=&#8221;initial&#8221;][et_pb_column type=&#8221;4_4&#8243;][et_pb_text admin_label=&#8221;Texto&#8221; background_layout=&#8221;light&#8221; text_orientation=&#8221;left&#8221; use_border_color=&#8221;off&#8221; border_color=&#8221;#ffffff&#8221; border_style=&#8221;solid&#8221; background_position=&#8221;top_left&#8221; background_repeat=&#8221;repeat&#8221; background_size=&#8221;initial&#8221;] Instal\u00b7lacions petroliferes &nbsp;[\/et_pb_text][et_pb_text &#8230; <\/p>\n<p class=\"read-more-container\"><a title=\"Instal\u00b7lacions\" class=\"read-more button\" href=\"https:\/\/fort-instalaciones.com\/ca\/instal%c2%b7lacions\/#more-1086\">Leer m\u00e1s<span class=\"screen-reader-text\">Instal\u00b7lacions<\/span><\/a><\/p>\n","protected":false},"author":7,"featured_media":0,"parent":0,"menu_order":0,"comment_status":"closed","ping_status":"closed","template":"","meta":[],"_links":{"self":[{"href":"https:\/\/fort-instalaciones.com\/ca\/wp-json\/wp\/v2\/pages\/1086\/"}],"collection":[{"href":"https:\/\/fort-instalaciones.com\/ca\/wp-json\/wp\/v2\/pages\/"}],"about":[{"href":"https:\/\/fort-instalaciones.com\/ca\/wp-json\/wp\/v2\/types\/page\/"}],"author":[{"embeddable":true,"href":"https:\/\/fort-instalaciones.com\/ca\/wp-json\/wp\/v2\/users\/7\/"}],"replies":[{"embeddable":true,"href":"https:\/\/fort-instalaciones.com\/ca\/wp-json\/wp\/v2\/comments\/?post=1086"}],"version-history":[{"count":2,"href":"https:\/\/fort-instalaciones.com\/ca\/wp-json\/wp\/v2\/pages\/1086\/revisions\/"}],"predecessor-version":[{"id":1088,"href":"https:\/\/fort-instalaciones.com\/ca\/wp-json\/wp\/v2\/pages\/1086\/revisions\/1088\/"}],"wp:attachment":[{"href":"https:\/\/fort-instalaciones.com\/ca\/wp-json\/wp\/v2\/media\/?parent=1086"}],"curies":[{"name":"wp","href":"https:\/\/api.w.org\/{rel}","templated":true}]}}