{"id":223,"date":"2014-11-27T19:09:50","date_gmt":"2014-11-27T19:09:50","guid":{"rendered":"http:\/\/fort-instalaciones.com\/?page_id=223"},"modified":"2017-06-12T13:55:53","modified_gmt":"2017-06-12T13:55:53","slug":"servei-tecnic","status":"publish","type":"page","link":"https:\/\/fort-instalaciones.com\/ca\/servei-tecnic\/","title":{"rendered":"Servei T\u00e8cnic i Manteniment"},"content":{"rendered":"<p>[et_pb_section bb_built=&#8221;1&#8243; admin_label=&#8221;section&#8221;][et_pb_row admin_label=&#8221;row&#8221; background_position=&#8221;top_left&#8221; background_repeat=&#8221;repeat&#8221; background_size=&#8221;initial&#8221;][et_pb_column type=&#8221;4_4&#8243;][et_pb_text admin_label=&#8221;Text&#8221; background_layout=&#8221;light&#8221; text_orientation=&#8221;left&#8221; use_border_color=&#8221;off&#8221; border_color=&#8221;#ffffff&#8221; border_style=&#8221;solid&#8221; background_position=&#8221;top_left&#8221; background_repeat=&#8221;repeat&#8221; background_size=&#8221;initial&#8221;]<\/p>\n<h1>Servei T\u00e8cnic i Manteniment<\/h1>\n<p>[\/et_pb_text][\/et_pb_column][\/et_pb_row][et_pb_row admin_label=&#8221;row&#8221; background_position=&#8221;top_left&#8221; background_repeat=&#8221;repeat&#8221; background_size=&#8221;initial&#8221;][et_pb_column type=&#8221;4_4&#8243;][et_pb_text admin_label=&#8221;Text&#8221; background_layout=&#8221;light&#8221; text_orientation=&#8221;left&#8221; use_border_color=&#8221;off&#8221; border_color=&#8221;#ffffff&#8221; border_style=&#8221;solid&#8221; background_position=&#8221;top_left&#8221; background_repeat=&#8221;repeat&#8221; background_size=&#8221;initial&#8221;]Som conscients que oferir qualitat i servei als clients \u00e9s primordial, \u00e9s per aix\u00f2 que ens comprometem amb els nostres clients a donar el millor servei atenent de manera r\u00e0pida i efica\u00e7 les seves necessitats. Oferim una gran varietat de serveis, alguns d&#8217;ells detallats a continuaci\u00f3:<\/p>\n<ul>\n<li><strong>Contractes de manteniment personalitzats a les necessitats dels nostres clients.<\/strong><\/li>\n<li><strong>Realitzaci\u00f3 d&#8217;actuacions preventives, correctives i de manteniment. <\/strong><\/li>\n<li><strong>Atenci\u00f3 telef\u00f2nica 24 hores tots els dies de l&#8217;any.<\/strong><\/li>\n<li><strong>Servei t\u00e8cnic disponible les 24 hores tots els dies de l&#8217;any.<\/strong><\/li>\n<li><strong>Flota de vehicles d&#8217;assist\u00e8ncia r\u00e0pida.<\/strong><\/li>\n<li><strong>Reparaci\u00f3 i manteniment de totes les marques del mercat.<\/strong><\/li>\n<li><strong>Servei t\u00e8cnic de parcs d&#8217;emmagatzematge (bra\u00e7os de c\u00e0rrega, comptadors, etc.)<\/strong><\/li>\n<li><strong>Subministrament de tot tipus de materials i productes per a les estacions de servei.<\/strong><\/li>\n<\/ul>\n<p>[\/et_pb_text][\/et_pb_column][\/et_pb_row][et_pb_row admin_label=&#8221;Fila&#8221; background_position=&#8221;top_left&#8221; background_repeat=&#8221;repeat&#8221; background_size=&#8221;initial&#8221;][et_pb_column type=&#8221;4_4&#8243;][et_pb_gallery admin_label=&#8221;Im\u00e1genes Servicio T\u00e9cnico&#8221; fullwidth=&#8221;off&#8221; orientation=&#8221;landscape&#8221; show_title_and_caption=&#8221;off&#8221; show_pagination=&#8221;off&#8221; background_layout=&#8221;light&#8221; auto=&#8221;off&#8221; hover_overlay_color=&#8221;rgba(255,255,255,0.9)&#8221; border_style=&#8221;solid&#8221; gallery_ids=&#8221;970,951,952,953,954,1046,957,958,959,960,961,962,963,964,965,966,967,968,956,969&#8243; posts_number=&#8221;20&#8243; _builder_version=&#8221;3.0.51&#8243; zoom_icon_color=&#8221;#2ea3f2&#8243; \/][\/et_pb_column][\/et_pb_row][\/et_pb_section]<\/p>\n","protected":false},"excerpt":{"rendered":"<p>[et_pb_section bb_built=&#8221;1&#8243; admin_label=&#8221;section&#8221;][et_pb_row admin_label=&#8221;row&#8221; background_position=&#8221;top_left&#8221; background_repeat=&#8221;repeat&#8221; background_size=&#8221;initial&#8221;][et_pb_column type=&#8221;4_4&#8243;][et_pb_text admin_label=&#8221;Text&#8221; background_layout=&#8221;light&#8221; text_orientation=&#8221;left&#8221; use_border_color=&#8221;off&#8221; border_color=&#8221;#ffffff&#8221; border_style=&#8221;solid&#8221; background_position=&#8221;top_left&#8221; background_repeat=&#8221;repeat&#8221; background_size=&#8221;initial&#8221;] Servei T\u00e8cnic i &#8230; <\/p>\n<p class=\"read-more-container\"><a title=\"Servei T\u00e8cnic i Manteniment\" class=\"read-more button\" href=\"https:\/\/fort-instalaciones.com\/ca\/servei-tecnic\/#more-223\">Leer m\u00e1s<span class=\"screen-reader-text\">Servei T\u00e8cnic i Manteniment<\/span><\/a><\/p>\n","protected":false},"author":7,"featured_media":0,"parent":0,"menu_order":0,"comment_status":"closed","ping_status":"closed","template":"","meta":[],"_links":{"self":[{"href":"https:\/\/fort-instalaciones.com\/ca\/wp-json\/wp\/v2\/pages\/223\/"}],"collection":[{"href":"https:\/\/fort-instalaciones.com\/ca\/wp-json\/wp\/v2\/pages\/"}],"about":[{"href":"https:\/\/fort-instalaciones.com\/ca\/wp-json\/wp\/v2\/types\/page\/"}],"author":[{"embeddable":true,"href":"https:\/\/fort-instalaciones.com\/ca\/wp-json\/wp\/v2\/users\/7\/"}],"replies":[{"embeddable":true,"href":"https:\/\/fort-instalaciones.com\/ca\/wp-json\/wp\/v2\/comments\/?post=223"}],"version-history":[{"count":13,"href":"https:\/\/fort-instalaciones.com\/ca\/wp-json\/wp\/v2\/pages\/223\/revisions\/"}],"predecessor-version":[{"id":1120,"href":"https:\/\/fort-instalaciones.com\/ca\/wp-json\/wp\/v2\/pages\/223\/revisions\/1120\/"}],"wp:attachment":[{"href":"https:\/\/fort-instalaciones.com\/ca\/wp-json\/wp\/v2\/media\/?parent=223"}],"curies":[{"name":"wp","href":"https:\/\/api.w.org\/{rel}","templated":true}]}}