{"id":253,"date":"2014-11-27T19:28:21","date_gmt":"2014-11-27T19:28:21","guid":{"rendered":"http:\/\/fort-instalaciones.com\/?page_id=253"},"modified":"2017-07-10T13:54:45","modified_gmt":"2017-07-10T13:54:45","slug":"contacte","status":"publish","type":"page","link":"https:\/\/fort-instalaciones.com\/ca\/contacte\/","title":{"rendered":"Contacte"},"content":{"rendered":"<p>[et_pb_section bb_built=&#8221;1&#8243; admin_label=&#8221;section&#8221;][et_pb_row admin_label=&#8221;row&#8221; background_position=&#8221;top_left&#8221; background_repeat=&#8221;repeat&#8221; background_size=&#8221;initial&#8221;][et_pb_column type=&#8221;4_4&#8243;][et_pb_contact_form _builder_version=&#8221;3.0.60&#8243; captcha=&#8221;on&#8221; use_redirect=&#8221;off&#8221; input_border_radius=&#8221;0&#8243; border_style=&#8221;solid&#8221; custom_button=&#8221;off&#8221; button_letter_spacing=&#8221;0&#8243; button_icon_placement=&#8221;right&#8221; button_letter_spacing_hover=&#8221;0&#8243; success_message=&#8221;Moltes gr\u00e0cies per contactar amb nosaltres, ens posarem en contacte el m\u00e9s aviat possible&#8221; submit_button_text=&#8221;Enviar&#8221; email=&#8221;info@fort-instalaciones.com, serviciotecnico1@fort-instalaciones.com, recepcio@fort-instalaciones.com&#8221; custom_message=&#8221;%%nombre%%||et_pb_line_break_holder||%%email%%||et_pb_line_break_holder||%%tel%%||et_pb_line_break_holder||%%mensaje%%&#8221;] [et_pb_contact_field field_title=&#8221;Nom i cognoms&#8221; field_type=&#8221;input&#8221; field_id=&#8221;nombre&#8221; required_mark=&#8221;on&#8221; fullwidth_field=&#8221;off&#8221; checkbox_checked=&#8221;off&#8221; min_length=&#8221;0&#8243; max_length=&#8221;0&#8243; allowed_symbols=&#8221;all&#8221; conditional_logic=&#8221;off&#8221; conditional_logic_relation=&#8221;off&#8221; conditional_logic_rules=&#8221;%91{%22field%22:%22email%22,%22condition%22:%22is%22,%22value%22:%22%22}%93&#8243; form_field_font_select=&#8221;default&#8221; form_field_font=&#8221;||||&#8221; use_border_color=&#8221;off&#8221; border_style=&#8221;solid&#8221; \/][et_pb_contact_field field_title=&#8221;Adre\u00e7a de correu electr\u00f2nic&#8221; field_type=&#8221;email&#8221; field_id=&#8221;email&#8221; required_mark=&#8221;on&#8221; fullwidth_field=&#8221;off&#8221; checkbox_checked=&#8221;off&#8221; min_length=&#8221;0&#8243; max_length=&#8221;0&#8243; allowed_symbols=&#8221;all&#8221; conditional_logic=&#8221;off&#8221; conditional_logic_relation=&#8221;off&#8221; conditional_logic_rules=&#8221;%91{%22field%22:%22nombre%22,%22condition%22:%22is%22,%22value%22:%22%22}%93&#8243; form_field_font_select=&#8221;default&#8221; form_field_font=&#8221;||||&#8221; use_border_color=&#8221;off&#8221; border_style=&#8221;solid&#8221; \/][et_pb_contact_field field_id=&#8221;tel&#8221; field_title=&#8221;Tel\u00e8fon de contacte&#8221; field_type=&#8221;input&#8221; checkbox_checked=&#8221;off&#8221; min_length=&#8221;0&#8243; max_length=&#8221;0&#8243; allowed_symbols=&#8221;numbers&#8221; required_mark=&#8221;off&#8221; conditional_logic=&#8221;off&#8221; conditional_logic_relation=&#8221;off&#8221; conditional_logic_rules=&#8221;%91{%22field%22:%22nombre%22,%22condition%22:%22is%22,%22value%22:%22%22}%93&#8243; fullwidth_field=&#8221;on&#8221; form_field_font_select=&#8221;default&#8221; form_field_font=&#8221;||||&#8221; use_border_color=&#8221;off&#8221; border_style=&#8221;solid&#8221; \/][et_pb_contact_field field_title=&#8221;Missatge&#8221; field_type=&#8221;text&#8221; field_id=&#8221;mensaje&#8221; required_mark=&#8221;on&#8221; fullwidth_field=&#8221;on&#8221; checkbox_checked=&#8221;off&#8221; min_length=&#8221;0&#8243; max_length=&#8221;0&#8243; allowed_symbols=&#8221;all&#8221; conditional_logic=&#8221;off&#8221; conditional_logic_relation=&#8221;off&#8221; conditional_logic_rules=&#8221;%91{%22field%22:%22nombre%22,%22condition%22:%22is%22,%22value%22:%22%22}%93&#8243; form_field_font_select=&#8221;default&#8221; form_field_font=&#8221;||||&#8221; use_border_color=&#8221;off&#8221; border_style=&#8221;solid&#8221; \/][et_pb_contact_field field_id=&#8221;Legal&#8221; field_title=&#8221;He llegit i accepto la pol\u00edtica de privacitat&#8221; field_type=&#8221;checkbox&#8221; checkbox_checked=&#8221;off&#8221; min_length=&#8221;0&#8243; max_length=&#8221;0&#8243; allowed_symbols=&#8221;all&#8221; required_mark=&#8221;on&#8221; conditional_logic=&#8221;off&#8221; conditional_logic_relation=&#8221;off&#8221; conditional_logic_rules=&#8221;%91{%22field%22:%22name%22,%22condition%22:%22is%22,%22value%22:%22%22}%93&#8243; fullwidth_field=&#8221;on&#8221; form_field_font_select=&#8221;default&#8221; form_field_font=&#8221;||||&#8221; use_border_color=&#8221;off&#8221; border_style=&#8221;solid&#8221; \/] [\/et_pb_contact_form][et_pb_text _builder_version=&#8221;3.0.51&#8243; background_layout=&#8221;light&#8221; text_orientation=&#8221;left&#8221; border_style=&#8221;solid&#8221;]<\/p>\n<h2>Pol\u00edtica de privacitat<\/h2>\n<p>Fort Instalaciones Petroleras S.L. garanteix que totes les dades recollides a trav\u00e9s del formulari seran utilitzades en la forma i amb les limitacions i drets que concedeix la Llei Org\u00e0nica 15\/1999, de 13 de desembre de Protecci\u00f3 de Dades de Car\u00e0cter Personal (LOPD). El tractament i gesti\u00f3 dels mateixos compleix l&#8217;estipulat en el Reial Decret 994\/1999, d&#8217;11 de juny, pel qual s&#8217;aprova el Reglament de mesures de seguretat dels fitxers automatitzats que continguin dades de car\u00e0cter personal. Vost\u00e8 autoritza a Fort Instalaciones Petroleras S.L. per a l&#8217;\u00fas i tractament inform\u00e0tic de les dades personals que faciliti, que seran emprats per proporcionar-li informaci\u00f3 de les nostres condicions de distribuci\u00f3, la promoci\u00f3 dels productes i serveis de Fort Instalaciones Petroleras S.L. i amb fins hist\u00f2rics. Vost\u00e8 podr\u00e0 exercir els drets d&#8217;acc\u00e9s, rectificaci\u00f3, oposici\u00f3 i cancel\u00b7laci\u00f3 de les seves dades personals, de conformitat amb el que estableix la normativa vigent sobre protecci\u00f3 de dades personals, dirigint-se a Fort Instalaciones Petroleras S.L. Mitjan\u00e7ant el formulari de contacte disponible a la nostra p\u00e0gina web. [\/et_pb_text][\/et_pb_column][\/et_pb_row][\/et_pb_section]<\/p>\n","protected":false},"excerpt":{"rendered":"<p>[et_pb_section bb_built=&#8221;1&#8243; admin_label=&#8221;section&#8221;][et_pb_row admin_label=&#8221;row&#8221; background_position=&#8221;top_left&#8221; background_repeat=&#8221;repeat&#8221; background_size=&#8221;initial&#8221;][et_pb_column type=&#8221;4_4&#8243;][et_pb_contact_form _builder_version=&#8221;3.0.60&#8243; captcha=&#8221;on&#8221; use_redirect=&#8221;off&#8221; input_border_radius=&#8221;0&#8243; border_style=&#8221;solid&#8221; custom_button=&#8221;off&#8221; button_letter_spacing=&#8221;0&#8243; button_icon_placement=&#8221;right&#8221; button_letter_spacing_hover=&#8221;0&#8243; success_message=&#8221;Moltes gr\u00e0cies per &#8230; <\/p>\n<p class=\"read-more-container\"><a title=\"Contacte\" class=\"read-more button\" href=\"https:\/\/fort-instalaciones.com\/ca\/contacte\/#more-253\">Leer m\u00e1s<span class=\"screen-reader-text\">Contacte<\/span><\/a><\/p>\n","protected":false},"author":7,"featured_media":0,"parent":0,"menu_order":0,"comment_status":"open","ping_status":"closed","template":"","meta":[],"_links":{"self":[{"href":"https:\/\/fort-instalaciones.com\/ca\/wp-json\/wp\/v2\/pages\/253\/"}],"collection":[{"href":"https:\/\/fort-instalaciones.com\/ca\/wp-json\/wp\/v2\/pages\/"}],"about":[{"href":"https:\/\/fort-instalaciones.com\/ca\/wp-json\/wp\/v2\/types\/page\/"}],"author":[{"embeddable":true,"href":"https:\/\/fort-instalaciones.com\/ca\/wp-json\/wp\/v2\/users\/7\/"}],"replies":[{"embeddable":true,"href":"https:\/\/fort-instalaciones.com\/ca\/wp-json\/wp\/v2\/comments\/?post=253"}],"version-history":[{"count":18,"href":"https:\/\/fort-instalaciones.com\/ca\/wp-json\/wp\/v2\/pages\/253\/revisions\/"}],"predecessor-version":[{"id":1187,"href":"https:\/\/fort-instalaciones.com\/ca\/wp-json\/wp\/v2\/pages\/253\/revisions\/1187\/"}],"wp:attachment":[{"href":"https:\/\/fort-instalaciones.com\/ca\/wp-json\/wp\/v2\/media\/?parent=253"}],"curies":[{"name":"wp","href":"https:\/\/api.w.org\/{rel}","templated":true}]}}